{"id":268,"date":"2024-12-12T16:28:36","date_gmt":"2024-12-12T15:28:36","guid":{"rendered":"https:\/\/akova.se\/akova\/"},"modified":"2025-12-23T12:48:22","modified_gmt":"2025-12-23T11:48:22","slug":"akova","status":"publish","type":"page","link":"https:\/\/akova.se\/en\/","title":{"rendered":"Akova"},"content":{"rendered":"\n<div class=\"quote-section\">\n    <div class=\"quote-section__inner\">\n        <div class=\"quote-section__content\"><div class=\"quote-section__content\">\n<blockquote><p>\u201cPreviously my purchases were charged on the phone bill, but now I can finally get them on a separate invoice.\u201c<\/p><\/blockquote>\n<\/div>\n<div class=\"quote-section__reference\"><\/div>\n<\/div>\n        <div class=\"quote-section__reference\">Adam Svensson<\/div>\n    <\/div>\n<\/div>\n\n<div class=\"blobs-section\" style=\"background-image: url(https:\/\/akova.se\/wp-content\/themes\/akova-theme-2\/assets\/images\/white-background.svg);\">\n    <div class=\"blobs-section__inner\">\n                                    <div class=\"blobs-section__blob\">\n                                            <img decoding=\"async\" src=\"https:\/\/akova.se\/wp-content\/uploads\/2024\/12\/Kompetens_1-1.svg\" alt=\"\">\n                                        <h1 class=\"blobs-section__title\">Competence<\/h1>\n                    <div class=\"blobs-section__content\"><p>In our services, we have gathered 12 years of experience and competence, which is the basis for your ability to charge your customer in a flexible, simple and safe way.<\/p>\n<\/div>\n                <\/div>\n                            <div class=\"blobs-section__blob\">\n                                            <img decoding=\"async\" src=\"https:\/\/akova.se\/wp-content\/uploads\/2024\/12\/Kompetens_1-2.svg\" alt=\"\">\n                                        <h1 class=\"blobs-section__title\">Commitment<\/h1>\n                    <div class=\"blobs-section__content\"><p class=\"blobs-section__title\">We are passionate about making the payment experience as easy as possible. Our commitment to your business contributes to satisfied customers and more transactions as a result.<\/p>\n<\/div>\n                <\/div>\n                            <div class=\"blobs-section__blob\">\n                                            <img decoding=\"async\" src=\"https:\/\/akova.se\/wp-content\/uploads\/2024\/12\/Kompetens_1-3.svg\" alt=\"\">\n                                        <h1 class=\"blobs-section__title\">Together<\/h1>\n                    <div class=\"blobs-section__content\"><p class=\"blobs-section__title\">We believe that the best solutions are created when we work closely with our customers and where we together create tomorrow&#8217;s best payment experience.<\/p>\n<\/div>\n                <\/div>\n                        <\/div>\n<\/div>\n\n\n\n<div class=\"product-section\"  style=\"margin-top: -2rem;\" >\n    <div class=\"product-section__inner\">\n                    <div class=\"product-section__image\">\n                <img decoding=\"async\"\n                    src=\"https:\/\/akova.se\/wp-content\/uploads\/2024\/12\/20241228-4-org-2-scaled.jpg\"\n                    alt=\"\"\n                    class=\"product-section__image-desktop\"\n                \/>\n                <img decoding=\"async\"\n                    src=\"https:\/\/akova.se\/wp-content\/uploads\/2024\/12\/20241228-4-1-scaled.jpg\"\n                    alt=\"\"\n                    class=\"product-section__image-mobile\"\n                \/>\n            <\/div>\n                \n        <div class=\"product-section__content\">\n        <h1 class=\"product-section__heading\">Akova \u2013 The Company and services<\/h1>\n        <div class=\"product-section__content-inner\">\n                <p>Akova is a company that offers a complete suite of services to simplify and improve the company&#8217;s management of payments, invoicing and customer relations. With a strong focus on user-friendliness and efficiency, Akova offers solutions that help companies ensure customer identity, speed up their cash flow management and simplify the entire administrative process. The company&#8217;s products aim to meet the needs of both small and large businesses by offering flexible and secure solutions.<\/p>\n            <\/div>\n            <h2 class=\"product-section__title\">Products and services<\/h2>\n            <div class=\"product-section__products\">\n                                                            <div class=\"product-section__product\">\n                            <h2 class=\"product-section__product-title\">Akova Pay<\/h2>\n                            <div class=\"product-section__product-description\">Akova Pay gives companies the opportunity to sell their invoices to Akova to get faster access to liquid funds instead of waiting for the customer&#8217;s payment. This is especially beneficial for small and medium-sized businesses that want to improve their cash flow and avoid liquidity problems.<\/div>\n                        <\/div>\n                                            <div class=\"product-section__product\">\n                            <h2 class=\"product-section__product-title\">Akova Invoice<\/h2>\n                            <div class=\"product-section__product-description\">Akova Invoice offers a complete solution for invoicing, reminders, and debt collection. The service helps companies to streamline their invoicing process, reduce late payments and manage accounts receivable in a more systematic way. The service works in Scandinavia.<\/div>\n                        <\/div>\n                                            <div class=\"product-section__product\">\n                            <h2 class=\"product-section__product-title\">Akova Identify<\/h2>\n                            <div class=\"product-section__product-description\">Akova Identify is a service for verifying and identifying customers securely via Mobile BankID. This allows companies to be sure they are doing business with the right people and reduces the risk of fraud and irregularities. This service can be used as a complement to both Akova Pay and Akova Invoice.<\/div>\n                        <\/div>\n                                            <div class=\"product-section__product\">\n                            <h2 class=\"product-section__product-title\">Akova Card<\/h2>\n                            <div class=\"product-section__product-description\">Akova Card is a solution to charge your customers with a bank card. The customer registers their card on Akova&#8217;s secure payment page and can then easily and conveniently use the payment function at the companies that are connected to the service. The service supports the most common card types, including Visa and Mastercard.<\/div>\n                        <\/div>\n                                                <\/div>\n        <\/div>\n    <\/div>\n<\/div>\n\n\n<div class=\"content-section blue\" \n    style=\"background-image: url(https:\/\/akova.se\/wp-content\/themes\/akova-theme-2\/assets\/images\/blue-background.svg); border-radius: 0\">\n    <div class=\"content-section__inner\">\n        <h1 class=\"content-section__header\">Why choose Akova?<\/h1>\n        <div class=\"content-section__content\"><ul>\n<li>Super smooth payment experience<\/li>\n<li>Specially adapted flows for purchases by phone<\/li>\n<li>Collect purchases from several companies on the same invoice<\/li>\n<li>After registration, the purchase process is seamless<\/li>\n<li>Safe, solid and simple<\/li>\n<\/ul>\n<\/div>\n    <\/div>\n<\/div>\n\n\n\n<div class=\"content-section white\" \n    style=\"background-image: url(https:\/\/akova.se\/wp-content\/themes\/akova-theme-2\/assets\/images\/white-background.svg); border-radius: 0\">\n    <div class=\"content-section__inner\">\n        <h1 class=\"content-section__header\">About us<\/h1>\n        <div class=\"content-section__content\"><p class=\"content-section__header\">Since the start of 2013, we have helped companies to charge their customers in a simple and flexible way. We start from the customer&#8217;s purchase and the invoice, and then we have basically automated all subsequent processes. This means that we can easily take care of both smaller and larger companies. Our way of working is data-driven, which helps us make fair and well-founded decisions.<\/p>\n<div class=\"content-section__content\">\n<p>&nbsp;<\/p>\n<\/div>\n<p>&nbsp;<\/p>\n<p>&nbsp;<\/p>\n<\/div>\n    <\/div>\n<\/div>\n\n\n<div class=\"counter-section\">\n    <div class=\"counter-section__inner\">\n                                    <div class=\"counter-section__counter\">\n                    <h2 class=\"counter-section__text\">The year we were founded<\/h2>\n                    <h3 class=\"counter-section__number\" data-start=\"0\" data-end=\"2013\">0<\/h3>\n                <\/div>\n                            <div class=\"counter-section__counter\">\n                    <h2 class=\"counter-section__text\">Number of customers<\/h2>\n                    <h3 class=\"counter-section__number\" data-start=\"0\" data-end=\"74\">0<\/h3>\n                <\/div>\n                            <div class=\"counter-section__counter\">\n                    <h2 class=\"counter-section__text\">Identifications per year<\/h2>\n                    <h3 class=\"counter-section__number\" data-start=\"0\" data-end=\"15416\">0<\/h3>\n                <\/div>\n                            <div class=\"counter-section__counter\">\n                    <h2 class=\"counter-section__text\">Payments per year<\/h2>\n                    <h3 class=\"counter-section__number\" data-start=\"0\" data-end=\"121421\">0<\/h3>\n                <\/div>\n                        <\/div>\n<\/div>\n\n\n<div class=\"faq-section\" style=\"background-image: url('https:\/\/akova.se\/wp-content\/themes\/akova-theme-2\/assets\/images\/faq-bg.png');\">\n    <h2 class=\"faq-section__title\">Do you have questions?<\/h2>\n    <div class=\"faq-section__content\">\n        <p>In our knowledge base of questions and answers we have collected the most common questions we receive. If you can&#8217;t find an answer, don&#8217;t hesitate to contact us and our friendly staff will help you.<\/p>\n    <\/div>\n    <div class=\"cta-section__button\">\n        <a href=\"https:\/\/akova.se\/en\/questions-and-answers\/\" target=\"\">Questions and answers<\/a>\n    <\/div>\n<\/div>\n\n<div class=\"contact-section\" id=\"contact\">\n    <div class=\"contact-section__inner\">\n        <h2 class=\"contact-section__title\">Contact us<\/h2>\n                    <div class=\"contact-section__text\"><p>We are here for you, you can reach us at:<\/p>\n<\/div>\n                            <div class=\"contact-section__content-inner\">\n                                    <div class=\"contact-section__content-item\">\n                        <h3 class=\"contact-section__subtitle\">Contact the company<\/h3>\n                        <div class=\"contact-section__content\"><p>If you have an invoice question, contact <a href=\"mailto:faktura@akova.se\">faktura@akova.se<\/a> or call us at <a href=\"tel:0850520990\">08-50 52 09 90<\/a>.<\/p>\n<\/div>\n                    <\/div>\n                                    <div class=\"contact-section__content-item\">\n                        <h3 class=\"contact-section__subtitle\">Customer service<\/h3>\n                        <div class=\"contact-section__content\"><p>Contact us on <a href=\"mailto:hej@akova.se\">hej@akova.se<\/a> or call us on <a href=\"tel:0812121212\">08-12 12 12 12<\/a>.<\/p>\n<\/div>\n                    <\/div>\n                            <\/div>\n            <\/div>\n\n            <div class=\"contact-section__form\">\n            \n<div class=\"wpcf7 no-js\" id=\"wpcf7-f491-o1\" lang=\"en-US\" dir=\"ltr\" data-wpcf7-id=\"491\">\n<div class=\"screen-reader-response\"><p role=\"status\" aria-live=\"polite\" aria-atomic=\"true\"><\/p> <ul><\/ul><\/div>\n<form action=\"\/en\/wp-json\/wp\/v2\/pages\/268#wpcf7-f491-o1\" method=\"post\" class=\"wpcf7-form init\" aria-label=\"Contact form\" novalidate=\"novalidate\" data-status=\"init\">\n<fieldset class=\"hidden-fields-container\"><input type=\"hidden\" name=\"_wpcf7\" value=\"491\" \/><input type=\"hidden\" name=\"_wpcf7_version\" value=\"6.1.5\" \/><input type=\"hidden\" name=\"_wpcf7_locale\" value=\"en_US\" \/><input type=\"hidden\" name=\"_wpcf7_unit_tag\" value=\"wpcf7-f491-o1\" \/><input type=\"hidden\" name=\"_wpcf7_container_post\" value=\"0\" \/><input type=\"hidden\" name=\"_wpcf7_posted_data_hash\" value=\"\" \/><input type=\"hidden\" name=\"_wpcf7_recaptcha_response\" value=\"\" \/>\n<\/fieldset>\n<div class=\"form-wrapper\">\n\t<p><label> Name<br \/>\n<span class=\"wpcf7-form-control-wrap\" data-name=\"your-name\"><input size=\"40\" maxlength=\"400\" class=\"wpcf7-form-control wpcf7-text wpcf7-validates-as-required\" autocomplete=\"name\" aria-required=\"true\" aria-invalid=\"false\" value=\"\" type=\"text\" name=\"your-name\" \/><\/span> <\/label>\n\t<\/p>\n\t<p><label> Email<br \/>\n<span class=\"wpcf7-form-control-wrap\" data-name=\"your-email\"><input size=\"40\" maxlength=\"400\" class=\"wpcf7-form-control wpcf7-email wpcf7-validates-as-required wpcf7-text wpcf7-validates-as-email\" autocomplete=\"email\" aria-required=\"true\" aria-invalid=\"false\" value=\"\" type=\"email\" name=\"your-email\" \/><\/span> <\/label>\n\t<\/p>\n\t<p><label> Phone<br \/>\n<span class=\"wpcf7-form-control-wrap\" data-name=\"your-phone\"><input size=\"40\" maxlength=\"400\" class=\"wpcf7-form-control wpcf7-tel wpcf7-validates-as-required wpcf7-text wpcf7-validates-as-tel\" aria-required=\"true\" aria-invalid=\"false\" value=\"\" type=\"tel\" name=\"your-phone\" \/><\/span><br \/>\n<\/label>\n\t<\/p>\n\t<p><label> Message<br \/>\n<span class=\"wpcf7-form-control-wrap\" data-name=\"your-message\"><textarea cols=\"40\" rows=\"10\" maxlength=\"2000\" class=\"wpcf7-form-control wpcf7-textarea\" aria-invalid=\"false\" name=\"your-message\"><\/textarea><\/span> <\/label>\n\t<\/p>\n\t<p><input class=\"wpcf7-form-control wpcf7-submit has-spinner\" type=\"submit\" value=\"Send\" \/>\n\t<\/p>\n<\/div><div class=\"wpcf7-response-output\" aria-hidden=\"true\"><\/div>\n<\/form>\n<\/div>\n\n        <\/div>\n    <\/div>","protected":false},"excerpt":{"rendered":"","protected":false},"author":1,"featured_media":0,"parent":0,"menu_order":0,"comment_status":"closed","ping_status":"closed","template":"","meta":{"_acf_changed":false,"footnotes":""},"class_list":["post-268","page","type-page","status-publish","hentry"],"acf":[],"yoast_head":"<!-- This site is optimized with the Yoast SEO plugin v27.4 - https:\/\/yoast.com\/product\/yoast-seo-wordpress\/ -->\n<title>Akova \u2013 smarta betall\u00f6sningar f\u00f6r fakturor, kort och identifiering<\/title>\n<meta name=\"description\" content=\"F\u00f6renkla betalningar och fakturering med Akova. S\u00e4kra l\u00f6sningar f\u00f6r kortbetalning, BankID-identifiering och snabbare kassafl\u00f6de.\" \/>\n<meta name=\"robots\" content=\"index, follow, max-snippet:-1, max-image-preview:large, max-video-preview:-1\" \/>\n<link rel=\"canonical\" href=\"https:\/\/akova.se\/en\/\" \/>\n<meta property=\"og:locale\" content=\"en_US\" \/>\n<meta property=\"og:type\" content=\"article\" \/>\n<meta property=\"og:title\" content=\"Akova \u2013 smarta betall\u00f6sningar f\u00f6r fakturor, kort och identifiering\" \/>\n<meta property=\"og:description\" content=\"F\u00f6renkla betalningar och fakturering med Akova. S\u00e4kra l\u00f6sningar f\u00f6r kortbetalning, BankID-identifiering och snabbare kassafl\u00f6de.\" \/>\n<meta property=\"og:url\" content=\"https:\/\/akova.se\/en\/\" \/>\n<meta property=\"og:site_name\" content=\"Akova\" \/>\n<meta property=\"article:modified_time\" content=\"2025-12-23T11:48:22+00:00\" \/>\n<meta property=\"og:image\" content=\"https:\/\/akova.se\/wp-content\/uploads\/2024\/12\/20190815-1-scaled-4-3.jpg\" \/>\n\t<meta property=\"og:image:width\" content=\"1075\" \/>\n\t<meta property=\"og:image:height\" content=\"806\" \/>\n\t<meta property=\"og:image:type\" content=\"image\/jpeg\" \/>\n<meta name=\"twitter:card\" content=\"summary_large_image\" \/>\n<script type=\"application\/ld+json\" class=\"yoast-schema-graph\">{\"@context\":\"https:\\\/\\\/schema.org\",\"@graph\":[{\"@type\":\"WebPage\",\"@id\":\"https:\\\/\\\/akova.se\\\/en\\\/\",\"url\":\"https:\\\/\\\/akova.se\\\/en\\\/\",\"name\":\"Akova \u2013 smarta betall\u00f6sningar f\u00f6r fakturor, kort och identifiering\",\"isPartOf\":{\"@id\":\"https:\\\/\\\/akova.se\\\/en\\\/#website\"},\"datePublished\":\"2024-12-12T15:28:36+00:00\",\"dateModified\":\"2025-12-23T11:48:22+00:00\",\"description\":\"F\u00f6renkla betalningar och fakturering med Akova. S\u00e4kra l\u00f6sningar f\u00f6r kortbetalning, BankID-identifiering och snabbare kassafl\u00f6de.\",\"breadcrumb\":{\"@id\":\"https:\\\/\\\/akova.se\\\/en\\\/#breadcrumb\"},\"inLanguage\":\"en-US\",\"potentialAction\":[{\"@type\":\"ReadAction\",\"target\":[\"https:\\\/\\\/akova.se\\\/en\\\/\"]}]},{\"@type\":\"BreadcrumbList\",\"@id\":\"https:\\\/\\\/akova.se\\\/en\\\/#breadcrumb\",\"itemListElement\":[{\"@type\":\"ListItem\",\"position\":1,\"name\":\"Hem\",\"item\":\"https:\\\/\\\/akova.se\\\/en\\\/\"},{\"@type\":\"ListItem\",\"position\":2,\"name\":\"Akova\"}]},{\"@type\":\"WebSite\",\"@id\":\"https:\\\/\\\/akova.se\\\/en\\\/#website\",\"url\":\"https:\\\/\\\/akova.se\\\/en\\\/\",\"name\":\"Akova\",\"description\":\"\",\"publisher\":{\"@id\":\"https:\\\/\\\/akova.se\\\/en\\\/#organization\"},\"alternateName\":\"Akova Finans\",\"potentialAction\":[{\"@type\":\"SearchAction\",\"target\":{\"@type\":\"EntryPoint\",\"urlTemplate\":\"https:\\\/\\\/akova.se\\\/en\\\/?s={search_term_string}\"},\"query-input\":{\"@type\":\"PropertyValueSpecification\",\"valueRequired\":true,\"valueName\":\"search_term_string\"}}],\"inLanguage\":\"en-US\"},{\"@type\":\"Organization\",\"@id\":\"https:\\\/\\\/akova.se\\\/en\\\/#organization\",\"name\":\"Akova\",\"alternateName\":\"Akova Finans AB\",\"url\":\"https:\\\/\\\/akova.se\\\/en\\\/\",\"logo\":{\"@type\":\"ImageObject\",\"inLanguage\":\"en-US\",\"@id\":\"https:\\\/\\\/akova.se\\\/en\\\/#\\\/schema\\\/logo\\\/image\\\/\",\"url\":\"https:\\\/\\\/akova.se\\\/wp-content\\\/uploads\\\/2024\\\/12\\\/akova-logo.jpg\",\"contentUrl\":\"https:\\\/\\\/akova.se\\\/wp-content\\\/uploads\\\/2024\\\/12\\\/akova-logo.jpg\",\"width\":278,\"height\":82,\"caption\":\"Akova\"},\"image\":{\"@id\":\"https:\\\/\\\/akova.se\\\/en\\\/#\\\/schema\\\/logo\\\/image\\\/\"}}]}<\/script>\n<!-- \/ Yoast SEO plugin. -->","yoast_head_json":{"title":"Akova \u2013 smarta betall\u00f6sningar f\u00f6r fakturor, kort och identifiering","description":"F\u00f6renkla betalningar och fakturering med Akova. S\u00e4kra l\u00f6sningar f\u00f6r kortbetalning, BankID-identifiering och snabbare kassafl\u00f6de.","robots":{"index":"index","follow":"follow","max-snippet":"max-snippet:-1","max-image-preview":"max-image-preview:large","max-video-preview":"max-video-preview:-1"},"canonical":"https:\/\/akova.se\/en\/","og_locale":"en_US","og_type":"article","og_title":"Akova \u2013 smarta betall\u00f6sningar f\u00f6r fakturor, kort och identifiering","og_description":"F\u00f6renkla betalningar och fakturering med Akova. S\u00e4kra l\u00f6sningar f\u00f6r kortbetalning, BankID-identifiering och snabbare kassafl\u00f6de.","og_url":"https:\/\/akova.se\/en\/","og_site_name":"Akova","article_modified_time":"2025-12-23T11:48:22+00:00","og_image":[{"width":1075,"height":806,"url":"https:\/\/akova.se\/wp-content\/uploads\/2024\/12\/20190815-1-scaled-4-3.jpg","type":"image\/jpeg"}],"twitter_card":"summary_large_image","schema":{"@context":"https:\/\/schema.org","@graph":[{"@type":"WebPage","@id":"https:\/\/akova.se\/en\/","url":"https:\/\/akova.se\/en\/","name":"Akova \u2013 smarta betall\u00f6sningar f\u00f6r fakturor, kort och identifiering","isPartOf":{"@id":"https:\/\/akova.se\/en\/#website"},"datePublished":"2024-12-12T15:28:36+00:00","dateModified":"2025-12-23T11:48:22+00:00","description":"F\u00f6renkla betalningar och fakturering med Akova. S\u00e4kra l\u00f6sningar f\u00f6r kortbetalning, BankID-identifiering och snabbare kassafl\u00f6de.","breadcrumb":{"@id":"https:\/\/akova.se\/en\/#breadcrumb"},"inLanguage":"en-US","potentialAction":[{"@type":"ReadAction","target":["https:\/\/akova.se\/en\/"]}]},{"@type":"BreadcrumbList","@id":"https:\/\/akova.se\/en\/#breadcrumb","itemListElement":[{"@type":"ListItem","position":1,"name":"Hem","item":"https:\/\/akova.se\/en\/"},{"@type":"ListItem","position":2,"name":"Akova"}]},{"@type":"WebSite","@id":"https:\/\/akova.se\/en\/#website","url":"https:\/\/akova.se\/en\/","name":"Akova","description":"","publisher":{"@id":"https:\/\/akova.se\/en\/#organization"},"alternateName":"Akova Finans","potentialAction":[{"@type":"SearchAction","target":{"@type":"EntryPoint","urlTemplate":"https:\/\/akova.se\/en\/?s={search_term_string}"},"query-input":{"@type":"PropertyValueSpecification","valueRequired":true,"valueName":"search_term_string"}}],"inLanguage":"en-US"},{"@type":"Organization","@id":"https:\/\/akova.se\/en\/#organization","name":"Akova","alternateName":"Akova Finans AB","url":"https:\/\/akova.se\/en\/","logo":{"@type":"ImageObject","inLanguage":"en-US","@id":"https:\/\/akova.se\/en\/#\/schema\/logo\/image\/","url":"https:\/\/akova.se\/wp-content\/uploads\/2024\/12\/akova-logo.jpg","contentUrl":"https:\/\/akova.se\/wp-content\/uploads\/2024\/12\/akova-logo.jpg","width":278,"height":82,"caption":"Akova"},"image":{"@id":"https:\/\/akova.se\/en\/#\/schema\/logo\/image\/"}}]}},"_links":{"self":[{"href":"https:\/\/akova.se\/en\/wp-json\/wp\/v2\/pages\/268","targetHints":{"allow":["GET"]}}],"collection":[{"href":"https:\/\/akova.se\/en\/wp-json\/wp\/v2\/pages"}],"about":[{"href":"https:\/\/akova.se\/en\/wp-json\/wp\/v2\/types\/page"}],"author":[{"embeddable":true,"href":"https:\/\/akova.se\/en\/wp-json\/wp\/v2\/users\/1"}],"replies":[{"embeddable":true,"href":"https:\/\/akova.se\/en\/wp-json\/wp\/v2\/comments?post=268"}],"version-history":[{"count":63,"href":"https:\/\/akova.se\/en\/wp-json\/wp\/v2\/pages\/268\/revisions"}],"predecessor-version":[{"id":731,"href":"https:\/\/akova.se\/en\/wp-json\/wp\/v2\/pages\/268\/revisions\/731"}],"wp:attachment":[{"href":"https:\/\/akova.se\/en\/wp-json\/wp\/v2\/media?parent=268"}],"curies":[{"name":"wp","href":"https:\/\/api.w.org\/{rel}","templated":true}]}}